{"id":637,"date":"2023-07-26T04:05:14","date_gmt":"2023-07-26T04:05:14","guid":{"rendered":"https:\/\/jthemes.net\/themes\/wp\/martex\/?page_id=637"},"modified":"2025-01-22T18:58:35","modified_gmt":"2025-01-22T18:58:35","slug":"about-us","status":"publish","type":"page","link":"https:\/\/floresbysea.pt\/pt\/about-us\/","title":{"rendered":"Sobre N\u00f3s"},"content":{"rendered":"<div data-elementor-type=\"wp-page\" data-elementor-id=\"637\" class=\"elementor elementor-637\" data-elementor-post-type=\"page\">\n\t\t\t\t\t\t<section class=\"elementor-section elementor-top-section elementor-element elementor-element-7e947ee rel inner-page-hero about-section division mb-60 elementor-section-boxed elementor-section-height-default elementor-section-height-default\" data-id=\"7e947ee\" data-element_type=\"section\" data-e-type=\"section\">\n\t\t\t\t\t\t<div class=\"elementor-container elementor-column-gap-default\">\n\t\t\t\t\t<div class=\"elementor-column elementor-col-66 elementor-top-column elementor-element elementor-element-b2e8d55\" data-id=\"b2e8d55\" data-element_type=\"column\" data-e-type=\"column\">\n\t\t\t<div class=\"elementor-widget-wrap elementor-element-populated\">\n\t\t\t\t\t\t<div class=\"txt-block elementor-element elementor-element-620ec5f elementor-widget elementor-widget-content-text\" data-id=\"620ec5f\" data-element_type=\"widget\" data-e-type=\"widget\" data-widget_type=\"content-text.default\">\n\t\t\t\t<div class=\"elementor-widget-container\">\n\t\t\t\t\t<h2 class=\"title-element s-58 s-52 w-700 mb-30\">Ol\u00e1, N\u00f3s somos a FloresBySea<\/h2><h4 class=\"subtitle-element s-36 w-500\">O passeio com a Flores by Sea combina aventura, beleza natural e imers\u00e3o cultural.<\/h4>\t\t\t\t<\/div>\n\t\t\t\t<\/div>\n\t\t\t\t\t<\/div>\n\t\t<\/div>\n\t\t\t\t<div class=\"elementor-column elementor-col-33 elementor-top-column elementor-element elementor-element-46a19de\" data-id=\"46a19de\" data-element_type=\"column\" data-e-type=\"column\">\n\t\t\t<div class=\"elementor-widget-wrap\">\n\t\t\t\t\t\t\t<\/div>\n\t\t<\/div>\n\t\t\t\t\t<\/div>\n\t\t<\/section>\n\t\t\t\t<section class=\"elementor-section elementor-top-section elementor-element elementor-element-3d32830 elementor-section-boxed elementor-section-height-default elementor-section-height-default\" data-id=\"3d32830\" data-element_type=\"section\" data-e-type=\"section\">\n\t\t\t\t\t\t<div class=\"elementor-container elementor-column-gap-default\">\n\t\t\t\t\t<div class=\"elementor-column elementor-col-100 elementor-top-column elementor-element elementor-element-d9da561\" data-id=\"d9da561\" data-element_type=\"column\" data-e-type=\"column\">\n\t\t\t<div class=\"elementor-widget-wrap elementor-element-populated\">\n\t\t\t\t\t\t<div class=\"elementor-element elementor-element-9574023 elementor-widget elementor-widget-image\" data-id=\"9574023\" data-element_type=\"widget\" data-e-type=\"widget\" data-widget_type=\"image.default\">\n\t\t\t\t<div class=\"elementor-widget-container\">\n\t\t\t\t\t\t\t\t\t\t\t\t\t\t\t<img fetchpriority=\"high\" decoding=\"async\" width=\"750\" height=\"320\" src=\"https:\/\/floresbysea.pt\/wp-content\/uploads\/2025\/01\/299150137_1049106389304432_1831068280166509872_n-750x320.jpg\" class=\"attachment-pintex-750x320-cropped size-pintex-750x320-cropped wp-image-16356\" alt=\"\" style=\"width:100%;height:100%;max-width:1440px\" \/>\t\t\t\t\t\t\t\t\t\t\t\t\t\t\t<\/div>\n\t\t\t\t<\/div>\n\t\t\t\t\t<\/div>\n\t\t<\/div>\n\t\t\t\t\t<\/div>\n\t\t<\/section>\n\t\t\t\t<section class=\"elementor-section elementor-top-section elementor-element elementor-element-9b2479c elementor-section-boxed elementor-section-height-default elementor-section-height-default\" data-id=\"9b2479c\" data-element_type=\"section\" data-e-type=\"section\">\n\t\t\t\t\t\t<div class=\"elementor-container elementor-column-gap-default\">\n\t\t\t\t\t<div class=\"elementor-column elementor-col-100 elementor-top-column elementor-element elementor-element-3b2cf2c\" data-id=\"3b2cf2c\" data-element_type=\"column\" data-e-type=\"column\">\n\t\t\t<div class=\"elementor-widget-wrap elementor-element-populated\">\n\t\t\t\t\t\t<div class=\"txt-block elementor-element elementor-element-1e74217 elementor-widget elementor-widget-content-text\" data-id=\"1e74217\" data-element_type=\"widget\" data-e-type=\"widget\" data-widget_type=\"content-text.default\">\n\t\t\t\t<div class=\"elementor-widget-container\">\n\t\t\t\t\t<h4 class=\"title-element s-28 w-700\">Sobre N\u00f3s<\/h4>\t\t\t\t<\/div>\n\t\t\t\t<\/div>\n\t\t\t\t\t<\/div>\n\t\t<\/div>\n\t\t\t\t\t<\/div>\n\t\t<\/section>\n\t\t\t\t<section class=\"elementor-section elementor-top-section elementor-element elementor-element-7326443 elementor-section-boxed elementor-section-height-default elementor-section-height-default\" data-id=\"7326443\" data-element_type=\"section\" data-e-type=\"section\">\n\t\t\t\t\t\t<div class=\"elementor-container elementor-column-gap-default\">\n\t\t\t\t\t<div class=\"elementor-column elementor-col-50 elementor-top-column elementor-element elementor-element-a9622bb\" data-id=\"a9622bb\" data-element_type=\"column\" data-e-type=\"column\">\n\t\t\t<div class=\"elementor-widget-wrap elementor-element-populated\">\n\t\t\t\t\t\t<div class=\"elementor-element elementor-element-12d8f69 elementor-widget elementor-widget-text-editor\" data-id=\"12d8f69\" data-element_type=\"widget\" data-e-type=\"widget\" data-widget_type=\"text-editor.default\">\n\t\t\t\t<div class=\"elementor-widget-container\">\n\t\t\t\t\t\t\t\t\t<p class=\" translation-block\">A Flores by Sea \u00e9 uma empresa de turismo mar\u00edtimo fundada em 2019 na Ilha das Flores, nos A\u00e7ores, com o objetivo de explorar o potencial mar\u00edtimo das ilhas das Flores e do Corvo. <br>Localizada em Santa Cruz das Flores, a empresa dedica -se \u00e0 proporcionar experi\u00eancias \u00fanicas nas ilhas das Flores e do Corvo, no Grupo Ocidental dos A\u00e7ores, privilegiando a liga\u00e7\u00e3o com a cultura, a hist\u00f3ria e a natureza. <br><br><\/p>\t\t\t\t\t\t\t\t<\/div>\n\t\t\t\t<\/div>\n\t\t\t\t\t<\/div>\n\t\t<\/div>\n\t\t\t\t<div class=\"elementor-column elementor-col-50 elementor-top-column elementor-element elementor-element-4b69b92\" data-id=\"4b69b92\" data-element_type=\"column\" data-e-type=\"column\">\n\t\t\t<div class=\"elementor-widget-wrap elementor-element-populated\">\n\t\t\t\t\t\t<div class=\"elementor-element elementor-element-4e49a79 elementor-widget elementor-widget-text-editor\" data-id=\"4e49a79\" data-element_type=\"widget\" data-e-type=\"widget\" data-widget_type=\"text-editor.default\">\n\t\t\t\t<div class=\"elementor-widget-container\">\n\t\t\t\t\t\t\t\t\t<p class=\" translation-block\">Entre os servi\u00e7os oferecidos est\u00e3o os passeios de barco at\u00e9 \u00e0 Ilha do Corvo e os passeios pelas grutas e cascatas da costa nordeste da Ilha das Flores. <br>Reconhecido pelo seu servi\u00e7o de excel\u00eancia e pela qualidade das suas experi\u00eancias, o Flores by Sea tem recebido constantes elogios como um dos as atra\u00e7\u00f5es mais recomendadas na ilha das Flores.<\/p>\t\t\t\t\t\t\t\t<\/div>\n\t\t\t\t<\/div>\n\t\t\t\t\t<\/div>\n\t\t<\/div>\n\t\t\t\t\t<\/div>\n\t\t<\/section>\n\t\t\t\t<section class=\"elementor-section elementor-top-section elementor-element elementor-element-a02b160 features-section features-5 elementor-section-boxed elementor-section-height-default elementor-section-height-default\" data-id=\"a02b160\" data-element_type=\"section\" data-e-type=\"section\" data-settings=\"{&quot;background_background&quot;:&quot;classic&quot;}\">\n\t\t\t\t\t\t<div class=\"elementor-container elementor-column-gap-extended\">\n\t\t\t\t\t<div class=\"elementor-column elementor-col-100 elementor-top-column elementor-element elementor-element-b8bba01\" data-id=\"b8bba01\" data-element_type=\"column\" data-e-type=\"column\">\n\t\t\t<div class=\"elementor-widget-wrap elementor-element-populated\">\n\t\t\t\t\t\t<section class=\"elementor-section elementor-inner-section elementor-element elementor-element-202e8a7 elementor-section-boxed elementor-section-height-default elementor-section-height-default\" data-id=\"202e8a7\" data-element_type=\"section\" data-e-type=\"section\">\n\t\t\t\t\t\t<div class=\"elementor-container elementor-column-gap-no\">\n\t\t\t\t\t<div class=\"elementor-column elementor-col-33 elementor-inner-column elementor-element elementor-element-8a82482\" data-id=\"8a82482\" data-element_type=\"column\" data-e-type=\"column\">\n\t\t\t<div class=\"elementor-widget-wrap\">\n\t\t\t\t\t\t\t<\/div>\n\t\t<\/div>\n\t\t\t\t<div class=\"elementor-column elementor-col-33 elementor-inner-column elementor-element elementor-element-8898884\" data-id=\"8898884\" data-element_type=\"column\" data-e-type=\"column\">\n\t\t\t<div class=\"elementor-widget-wrap elementor-element-populated\">\n\t\t\t\t\t\t<div class=\"section-title mb-70 elementor-element elementor-element-745272e elementor-widget elementor-widget-section_title\" data-id=\"745272e\" data-element_type=\"widget\" data-e-type=\"widget\" data-widget_type=\"section_title.default\">\n\t\t\t\t<div class=\"elementor-widget-container\">\n\t\t\t\t\t<h2 class=\"title-element s-46\">O que dizem os nossos clientes<\/h2><p class=\"description-element s-21\">A nossa prioridade \u00e9 a satisfa\u00e7\u00e3o dos nossos clientes \ud83d\ude00<\/p>\t\t\t\t<\/div>\n\t\t\t\t<\/div>\n\t\t\t\t\t<\/div>\n\t\t<\/div>\n\t\t\t\t<div class=\"elementor-column elementor-col-33 elementor-inner-column elementor-element elementor-element-cc81926\" data-id=\"cc81926\" data-element_type=\"column\" data-e-type=\"column\">\n\t\t\t<div class=\"elementor-widget-wrap\">\n\t\t\t\t\t\t\t<\/div>\n\t\t<\/div>\n\t\t\t\t\t<\/div>\n\t\t<\/section>\n\t\t\t\t<div class=\"elementor-element elementor-element-a35ade3 elementor-widget elementor-widget-text-editor\" data-id=\"a35ade3\" data-element_type=\"widget\" data-e-type=\"widget\" data-widget_type=\"text-editor.default\">\n\t\t\t\t<div class=\"elementor-widget-container\">\n\t\t\t\t\t\t\t\t\t<p><\/p>\t\t\t\t\t\t\t\t<\/div>\n\t\t\t\t<\/div>\n\t\t\t\t\t<\/div>\n\t\t<\/div>\n\t\t\t\t\t<\/div>\n\t\t<\/section>\n\t\t\t\t<\/div>","protected":false},"excerpt":{"rendered":"<p>Hi, we\u2019re FloresBySea Tour with Flores by Sea combines adventure, natural beauty and cultural immersion. About Us Flores by Sea is a maritime tourism company founded in 2019 on Flores Island, in the Azores, with the aim of exploring the maritime potential of the islands of Flores and Corvo.Located in Santa Cruz das Flores, the&hellip;<\/p>","protected":false},"author":1,"featured_media":0,"parent":0,"menu_order":0,"comment_status":"closed","ping_status":"closed","template":"","meta":{"footnotes":""},"class_list":["post-637","page","type-page","status-publish","hentry","entry"],"_links":{"self":[{"href":"https:\/\/floresbysea.pt\/pt\/wp-json\/wp\/v2\/pages\/637","targetHints":{"allow":["GET"]}}],"collection":[{"href":"https:\/\/floresbysea.pt\/pt\/wp-json\/wp\/v2\/pages"}],"about":[{"href":"https:\/\/floresbysea.pt\/pt\/wp-json\/wp\/v2\/types\/page"}],"author":[{"embeddable":true,"href":"https:\/\/floresbysea.pt\/pt\/wp-json\/wp\/v2\/users\/1"}],"replies":[{"embeddable":true,"href":"https:\/\/floresbysea.pt\/pt\/wp-json\/wp\/v2\/comments?post=637"}],"version-history":[{"count":10,"href":"https:\/\/floresbysea.pt\/pt\/wp-json\/wp\/v2\/pages\/637\/revisions"}],"predecessor-version":[{"id":16485,"href":"https:\/\/floresbysea.pt\/pt\/wp-json\/wp\/v2\/pages\/637\/revisions\/16485"}],"wp:attachment":[{"href":"https:\/\/floresbysea.pt\/pt\/wp-json\/wp\/v2\/media?parent=637"}],"curies":[{"name":"wp","href":"https:\/\/api.w.org\/{rel}","templated":true}]}}