{"id":5465,"date":"2023-08-08T14:33:59","date_gmt":"2023-08-08T14:33:59","guid":{"rendered":"https:\/\/jthemes.net\/themes\/wp\/martex\/?page_id=5465"},"modified":"2025-01-25T11:17:11","modified_gmt":"2025-01-25T11:17:11","slug":"terms-conditions","status":"publish","type":"page","link":"https:\/\/floresbysea.pt\/pt\/terms-conditions\/","title":{"rendered":"Terms &#038; Conditions"},"content":{"rendered":"<div data-elementor-type=\"wp-page\" data-elementor-id=\"5465\" class=\"elementor elementor-5465\" data-elementor-post-type=\"page\">\n\t\t\t\t\t\t<section class=\"elementor-section elementor-top-section elementor-element elementor-element-3c4f44d gr--whitesmoke pb-80 inner-page-hero division elementor-section-boxed elementor-section-height-default elementor-section-height-default\" data-id=\"3c4f44d\" data-element_type=\"section\" data-e-type=\"section\">\n\t\t\t\t\t\t<div class=\"elementor-container elementor-column-gap-default\">\n\t\t\t\t\t<div class=\"elementor-column elementor-col-16 elementor-top-column elementor-element elementor-element-c05f4bb\" data-id=\"c05f4bb\" data-element_type=\"column\" data-e-type=\"column\">\n\t\t\t<div class=\"elementor-widget-wrap\">\n\t\t\t\t\t\t\t<\/div>\n\t\t<\/div>\n\t\t\t\t<div class=\"elementor-column elementor-col-66 elementor-top-column elementor-element elementor-element-3cb3029\" data-id=\"3cb3029\" data-element_type=\"column\" data-e-type=\"column\">\n\t\t\t<div class=\"elementor-widget-wrap elementor-element-populated\">\n\t\t\t\t\t\t<div class=\"txt-block elementor-element elementor-element-97fff90 elementor-widget elementor-widget-content-text\" data-id=\"97fff90\" data-element_type=\"widget\" data-e-type=\"widget\" data-widget_type=\"content-text.default\">\n\t\t\t\t<div class=\"elementor-widget-container\">\n\t\t\t\t\t<h2 class=\"title-element default w-700 s-52\">Termos &amp; Condi\u00e7\u00f5es<\/h2><p class=\"subtitle-element p-lg inner-page-title\">Os presentes Termos e Condi\u00e7\u00f5es entraram em vigor no dia 25 de janeiro de 2025\n<\/p>\t\t\t\t<\/div>\n\t\t\t\t<\/div>\n\t\t\t\t<div class=\"elementor-element elementor-element-d32897e elementor-widget elementor-widget-text-editor\" data-id=\"d32897e\" data-element_type=\"widget\" data-e-type=\"widget\" data-widget_type=\"text-editor.default\">\n\t\t\t\t<div class=\"elementor-widget-container\">\n\t\t\t\t\t\t\t\t\t<div><div><p><span style=\"color: #000000;\"><span lang=\"PT-PT\">Bem-vindo ao Flores by Sea!Antes de embarcar na sua emocionante aventura connosco, reserve um momento para rever os nossos termos e condi\u00e7\u00f5es.<\/span>\u00a0<\/span><\/p><\/div><div><p><span style=\"color: #000000;\">\u00a0<\/span><\/p><\/div><div><h2 role=\"heading\"><strong><span style=\"color: #000000;\"><span lang=\"PT-PT\">1. Reserva e confirma\u00e7\u00e3o<\/span>\u00a0<\/span><\/strong><\/h2><\/div><div><p><span style=\"color: #000000;\"><span lang=\"PT-PT\">Todas as reservas est\u00e3o sujeitas a disponibilidade.<\/span>\u00a0<\/span><\/p><\/div><div><p><span style=\"color: #000000;\"><span lang=\"PT-PT\">Uma reserva \u00e9 considerada confirmada apenas quando recebe uma confirma\u00e7\u00e3o por e-mail.<\/span>\u00a0<\/span><\/p><\/div><div><p><span style=\"color: #000000;\">\u00a0<\/span><\/p><\/div><div><h2 role=\"heading\"><strong><span style=\"color: #000000;\"><span lang=\"PT-PT\">2.\u00a0Pol\u00edtica de cancelamento<\/span>\u00a0<\/span><\/strong><\/h2><\/div><div><p><span style=\"color: #000000;\"><span lang=\"PT-PT\">Cancelamentos com menos de 24 horas ou n\u00e3o compar\u00eancia: Ser\u00e1 cobrado o valor total.<\/span>\u00a0<\/span><\/p><\/div><div><p><span style=\"color: #000000;\">\u00a0<\/span><\/p><\/div><div><h2 role=\"heading\"><strong><span style=\"color: #000000;\"><span lang=\"PT-PT\">3.\u00ba Altera\u00e7\u00f5es e Emendas<\/span>\u00a0<\/span><\/strong><\/h2><\/div><div><p><span style=\"color: #000000;\"><span lang=\"PT-PT\">Todas as reservas est\u00e3o sujeitas a disponibilidade.<\/span>\u00a0<\/span><\/p><\/div><div><p><span style=\"color: #000000;\"><span lang=\"PT-PT\">A Flores by Sea reserva-se o direito de alterar os itiner\u00e1rios devido a condi\u00e7\u00f5es meteorol\u00f3gicas ou circunst\u00e2ncias imprevistas.<\/span>\u00a0<\/span><\/p><\/div><div><p><span style=\"color: #000000;\">\u00a0<\/span><\/p><\/div><div><h2 role=\"heading\"><strong><span style=\"color: #000000;\"><span lang=\"PT-PT\">4. Requisitos do participante<\/span>\u00a0<\/span><\/strong><\/h2><\/div><div><p><span style=\"color: #000000;\"><span lang=\"PT-PT\">Os participantes devem cumprir quaisquer requisitos espec\u00edficos de sa\u00fade ou de aptid\u00e3o f\u00edsica para determinadas atividades.<\/span>\u00a0<\/span><\/p><\/div><div><p><span style=\"color: #000000;\"><span lang=\"PT-PT\">Os menores de idade devem ser acompanhados por um adulto respons\u00e1vel.<\/span>\u00a0<\/span><\/p><\/div><div><p><span style=\"color: #000000;\">\u00a0<\/span><\/p><\/div><div><h2 role=\"heading\"><span style=\"color: #000000;\"><strong><span lang=\"PT-PT\">5. Normas de seguran\u00e7a<\/span><\/strong>\u00a0<\/span><\/h2><\/div><div><p><span style=\"color: #000000;\"><span lang=\"PT-PT\">Os participantes devem cumprir todas as diretrizes de seguran\u00e7a fornecidas pela Flores by Sea e pelos seus guias.<\/span>\u00a0<\/span><\/p><\/div><\/div><div><div><p><span style=\"color: #000000;\"><span lang=\"PT-PT\">O n\u00e3o cumprimento das normas de seguran\u00e7a pode resultar no encerramento da atividade sem reembolso.<\/span>\u00a0<\/span><\/p><\/div><div><p><span style=\"color: #000000;\">\u00a0<\/span><\/p><\/div><div><h2 role=\"heading\"><strong><span style=\"color: #000000;\"><span lang=\"PT-PT\">6. Seguro e Responsabilidade<\/span>\u00a0<\/span><\/strong><\/h2><\/div><div><p><span style=\"color: #000000;\"><span lang=\"PT-PT\">A Flores by Sea recomenda vivamente que os participantes tenham um seguro de viagem e de sa\u00fade apropriado.<\/span>\u00a0<\/span><\/p><\/div><div><p><span style=\"color: #000000;\"><span lang=\"PT-PT\">A Flores by Sea oferece seguros para acidentes pessoais e responsabilidade civil em todos os tours organizados pela empresa.<\/span>\u00a0<\/span><\/p><\/div><div><p><span style=\"color: #000000;\"><span lang=\"PT-PT\">Os passeios vendidos pela Flores by Sea, mas operados por parceiros de confian\u00e7a, est\u00e3o cobertos pelo seguro dos parceiros para acidentes pessoais e responsabilidade civil.<\/span>\u00a0<\/span><\/p><\/div><div><p><span style=\"color: #000000;\"><span lang=\"PT-PT\">Os acidentes resultantes de neglig\u00eancia ou falha em seguir os conselhos dos guias podem ser atribu\u00eddos \u00e0s pr\u00f3prias a\u00e7\u00f5es do cliente.<\/span>\u00a0<\/span><\/p><\/div><div><p><span style=\"color: #000000;\">\u00a0<\/span><\/p><\/div><div><h2 role=\"heading\"><span style=\"color: #000000;\"><strong><span lang=\"PT-PT\">7. Condi\u00e7\u00f5es climat\u00e9ricas<\/span><\/strong>\u00a0<\/span><\/h2><\/div><div><p><span style=\"color: #000000;\"><span lang=\"PT-PT\">Algumas atividades dependem do clima. Em caso de condi\u00e7\u00f5es meteorol\u00f3gicas desfavor\u00e1veis, as atividades poder\u00e3o ser reagendadas ou canceladas com reembolso total.<\/span>\u00a0<\/span><\/p><\/div><div><p><span style=\"color: #000000;\">\u00a0<\/span><\/p><\/div><div><h2 role=\"heading\"><strong><span style=\"color: #000000;\"><span lang=\"PT-PT\">8.\u00a0Pol\u00edtica\u00a0de\u00a0Privacidade<\/span>\u00a0<\/span><\/strong><\/h2><\/div><div><p><span style=\"color: #000000;\"><span lang=\"PT-PT\">As informa\u00e7\u00f5es pessoais recolhidas durante o processo de reserva ser\u00e3o utilizadas exclusivamente para o prop\u00f3sito da sua aventura e n\u00e3o ser\u00e3o partilhadas com terceiros.<\/span>\u00a0<\/span><\/p><\/div><div><p><span style=\"color: #000000;\"><span lang=\"PT-PT\">Para obter informa\u00e7\u00f5es mais detalhadas, visite a p\u00e1gina dedicada \u00e0 Pol\u00edtica de Privacidade do Flores by Sea.<\/span>\u00a0<\/span><\/p><\/div><div>\u00a0<\/div><div><p><span style=\"color: #000000;\">\u00a0<\/span><\/p><\/div><div><p><em><span style=\"color: #000000;\"><span lang=\"PT-PT\">Ao reservar com a Flores by Sea, reconhece que leu, compreendeu e concorda em cumprir estes termos e condi\u00e7\u00f5es.Estamos ansiosos por lhe proporcionar uma experi\u00eancia inesquec\u00edvel nos belos A\u00e7ores!<\/span>\u00a0<\/span><\/em><\/p><\/div><p><em><span style=\"color: #000000;\"><span lang=\"PT-PT\">Se tiver alguma d\u00favida ou preocupa\u00e7\u00e3o, por favor contacte-nos.<\/span>\u00a0<\/span><\/em><\/p><\/div><div><div><p><em><span style=\"color: #000000;\"><span lang=\"PT-PT\">Obrigado por escolher o Flores by Sea!<\/span>\u00a0<\/span><\/em><\/p><\/div><div><p><span style=\"color: #000000;\">\u00a0<\/span><\/p><\/div><\/div>\t\t\t\t\t\t\t\t<\/div>\n\t\t\t\t<\/div>\n\t\t\t\t\t<\/div>\n\t\t<\/div>\n\t\t\t\t<div class=\"elementor-column elementor-col-16 elementor-top-column elementor-element elementor-element-34634e6\" data-id=\"34634e6\" data-element_type=\"column\" data-e-type=\"column\">\n\t\t\t<div class=\"elementor-widget-wrap\">\n\t\t\t\t\t\t\t<\/div>\n\t\t<\/div>\n\t\t\t\t\t<\/div>\n\t\t<\/section>\n\t\t\t\t<\/div>","protected":false},"excerpt":{"rendered":"<p>Terms &amp; Conditions This Terms &amp; Conditions effective as of 25th January 2025 Welcome\u00a0to Flores\u00a0by\u00a0Sea!\u00a0Before\u00a0you\u00a0embark\u00a0on\u00a0your\u00a0exciting\u00a0adventure\u00a0with\u00a0us,\u00a0please\u00a0take a\u00a0moment\u00a0to\u00a0review\u00a0our\u00a0terms\u00a0and\u00a0conditions.\u00a0 \u00a0 1.\u00a0Booking\u00a0and\u00a0Confirmation\u00a0 All\u00a0bookings\u00a0are\u00a0subject\u00a0to\u00a0availability.\u00a0 A\u00a0booking\u00a0is\u00a0considered\u00a0confirmed\u00a0only\u00a0when\u00a0you\u00a0get\u00a0a email\u00a0confirmation.\u00a0 \u00a0 2.\u00a0Cancellation\u00a0Policy\u00a0 Cancellations\u00a0less\u00a0than\u00a024\u00a0hours\u00a0or\u00a0no-show:\u00a0The\u00a0full\u00a0amount\u00a0will\u00a0be\u00a0charged.\u00a0 \u00a0 3.\u00a0Changes\u00a0and\u00a0Amendments\u00a0 Changes\u00a0to\u00a0bookings\u00a0are\u00a0subject\u00a0to\u00a0availability.\u00a0 Flores\u00a0by\u00a0Sea\u00a0reserves\u00a0the\u00a0right\u00a0to\u00a0amend\u00a0itineraries\u00a0due\u00a0to\u00a0weather\u00a0conditions\u00a0or\u00a0unforeseen\u00a0circumstances.\u00a0 \u00a0 4.\u00a0Participant\u00a0Requirements\u00a0 Participants\u00a0must\u00a0meet\u00a0any\u00a0specified\u00a0health\u00a0or\u00a0fitness\u00a0requirements\u00a0for\u00a0certain\u00a0activities.\u00a0 Minors\u00a0must\u00a0be\u00a0accompanied\u00a0by\u00a0a\u00a0responsible\u00a0adult.\u00a0 \u00a0 5.\u00a0Safety\u00a0Regulations\u00a0 Participants\u00a0must\u00a0adhere\u00a0to\u00a0all\u00a0safety\u00a0guidelines\u00a0provided\u00a0by\u00a0Flores\u00a0by\u00a0Sea\u00a0and\u00a0its\u00a0guides.\u00a0 Failure\u00a0to\u00a0comply\u00a0with\u00a0safety\u00a0regulations\u00a0may\u00a0result\u00a0in\u00a0the\u00a0termination\u00a0of\u00a0the\u00a0activity\u00a0without\u00a0a\u00a0refund.\u00a0 \u00a0 6.\u00a0Insurance\u00a0and\u00a0Liability\u00a0 Flores\u00a0by\u00a0Sea\u00a0strongly\u00a0recommends\u00a0that\u00a0participants\u00a0have\u00a0appropriate\u00a0travel\u00a0and\u00a0health\u00a0insurance.\u00a0 Flores\u00a0by\u00a0Sea\u00a0provides\u00a0insurance\u00a0for\u00a0personal\u00a0accidents\u00a0and\u00a0liability\u00a0on\u00a0all\u00a0tours\u00a0organized\u00a0by\u00a0the\u00a0company.\u00a0 Tours\u00a0sold\u00a0by\u00a0Flores\u00a0by\u00a0Sea\u00a0but\u00a0operated\u00a0by\u00a0trusted\u00a0partners\u00a0are\u00a0covered\u00a0by\u00a0the\u00a0partners\u2019\u00a0insurance\u00a0for\u00a0personal\u00a0accidents\u00a0and\u00a0liability.\u00a0 Accidents\u00a0resulting\u00a0from\u00a0negligence\u00a0or\u00a0failure\u00a0to\u00a0adhere\u00a0to\u00a0guides\u2019\u00a0advice\u00a0may\u00a0be\u00a0attributed\u00a0to\u00a0the\u00a0customer\u2019s\u00a0own\u00a0actions.\u00a0 \u00a0 7.\u00a0Weather\u00a0Conditions\u00a0 Some\u00a0activities\u00a0are\u00a0weather-dependent. In\u00a0the\u00a0event\u00a0of\u00a0unfavorable\u00a0weather\u00a0conditions,\u00a0activities\u00a0may\u00a0be\u00a0rescheduled\u00a0or\u00a0canceled\u00a0with\u00a0a\u00a0full\u00a0refund.\u00a0 \u00a0 8.\u00a0Privacy\u00a0Policy\u00a0 Personal\u00a0information\u00a0collected\u00a0during\u00a0the\u00a0booking\u00a0process\u00a0will\u00a0be\u00a0used\u00a0solely\u00a0for\u00a0the\u00a0purpose\u00a0of\u00a0your\u00a0adventure\u00a0and\u00a0will\u00a0not\u00a0be\u00a0shared\u00a0with\u00a0third\u00a0parties.\u00a0 For more\u00a0detailed\u00a0information,\u00a0visit\u00a0the\u00a0Flores\u00a0by\u00a0Sea\u00a0Privacy\u00a0Policy\u00a0dedicated\u00a0page.\u00a0 \u00a0 \u00a0 By\u00a0booking\u00a0with\u00a0Flores\u00a0by\u00a0Sea,\u00a0you\u00a0acknowledge\u00a0that\u00a0you\u00a0have\u00a0read,\u00a0understood,\u00a0and\u00a0agree\u00a0to\u00a0abide\u00a0by\u00a0these\u00a0terms\u00a0and\u00a0conditions.\u00a0We\u00a0look\u00a0forward\u00a0to\u00a0providing\u00a0you\u00a0with\u00a0an\u00a0unforgettable\u00a0experience\u00a0in\u00a0the\u00a0beautiful\u00a0Azores!\u00a0 If\u00a0you\u00a0have\u00a0any\u00a0questions\u00a0or\u00a0concerns,\u00a0please\u00a0contact\u00a0us.\u00a0&hellip;<\/p>","protected":false},"author":1,"featured_media":0,"parent":0,"menu_order":0,"comment_status":"closed","ping_status":"closed","template":"elementor_theme","meta":{"footnotes":""},"class_list":["post-5465","page","type-page","status-publish","hentry","entry"],"_links":{"self":[{"href":"https:\/\/floresbysea.pt\/pt\/wp-json\/wp\/v2\/pages\/5465","targetHints":{"allow":["GET"]}}],"collection":[{"href":"https:\/\/floresbysea.pt\/pt\/wp-json\/wp\/v2\/pages"}],"about":[{"href":"https:\/\/floresbysea.pt\/pt\/wp-json\/wp\/v2\/types\/page"}],"author":[{"embeddable":true,"href":"https:\/\/floresbysea.pt\/pt\/wp-json\/wp\/v2\/users\/1"}],"replies":[{"embeddable":true,"href":"https:\/\/floresbysea.pt\/pt\/wp-json\/wp\/v2\/comments?post=5465"}],"version-history":[{"count":8,"href":"https:\/\/floresbysea.pt\/pt\/wp-json\/wp\/v2\/pages\/5465\/revisions"}],"predecessor-version":[{"id":16771,"href":"https:\/\/floresbysea.pt\/pt\/wp-json\/wp\/v2\/pages\/5465\/revisions\/16771"}],"wp:attachment":[{"href":"https:\/\/floresbysea.pt\/pt\/wp-json\/wp\/v2\/media?parent=5465"}],"curies":[{"name":"wp","href":"https:\/\/api.w.org\/{rel}","templated":true}]}}