{"id":16772,"date":"2025-01-25T11:18:04","date_gmt":"2025-01-25T11:18:04","guid":{"rendered":"https:\/\/floresbysea.pt\/?page_id=16772"},"modified":"2025-01-25T11:42:19","modified_gmt":"2025-01-25T11:42:19","slug":"privacy-policy","status":"publish","type":"page","link":"https:\/\/floresbysea.pt\/pt\/privacy-policy\/","title":{"rendered":"Pol\u00edtica\u00a0de\u00a0Privacidade\u00a0"},"content":{"rendered":"<div data-elementor-type=\"wp-page\" data-elementor-id=\"16772\" class=\"elementor elementor-16772\" data-elementor-post-type=\"page\">\n\t\t\t\t\t\t<section class=\"elementor-section elementor-top-section elementor-element elementor-element-e8e5924 gr--whitesmoke pb-80 inner-page-hero division elementor-section-boxed elementor-section-height-default elementor-section-height-default\" data-id=\"e8e5924\" data-element_type=\"section\" data-e-type=\"section\">\n\t\t\t\t\t\t<div class=\"elementor-container elementor-column-gap-default\">\n\t\t\t\t\t<div class=\"elementor-column elementor-col-16 elementor-top-column elementor-element elementor-element-8487739\" data-id=\"8487739\" data-element_type=\"column\" data-e-type=\"column\">\n\t\t\t<div class=\"elementor-widget-wrap\">\n\t\t\t\t\t\t\t<\/div>\n\t\t<\/div>\n\t\t\t\t<div class=\"elementor-column elementor-col-66 elementor-top-column elementor-element elementor-element-031538d\" data-id=\"031538d\" data-element_type=\"column\" data-e-type=\"column\">\n\t\t\t<div class=\"elementor-widget-wrap elementor-element-populated\">\n\t\t\t\t\t\t<div class=\"txt-block elementor-element elementor-element-2ca2095 elementor-widget elementor-widget-content-text\" data-id=\"2ca2095\" data-element_type=\"widget\" data-e-type=\"widget\" data-widget_type=\"content-text.default\">\n\t\t\t\t<div class=\"elementor-widget-container\">\n\t\t\t\t\t<h2 class=\"title-element default w-700 s-52\">8.\u00a0Pol\u00edtica\u00a0de\u00a0Privacidade <\/h2><p class=\"subtitle-element p-lg inner-page-title\">A presente Pol\u00edtica de Privacidade entraram em vigor no dia 25 de janeiro de 2025\n<\/p>\t\t\t\t<\/div>\n\t\t\t\t<\/div>\n\t\t\t\t<div class=\"elementor-element elementor-element-f48d5fb elementor-widget elementor-widget-text-editor\" data-id=\"f48d5fb\" data-element_type=\"widget\" data-e-type=\"widget\" data-widget_type=\"text-editor.default\">\n\t\t\t\t<div class=\"elementor-widget-container\">\n\t\t\t\t\t\t\t\t\t<div><div><h2 role=\"heading\"><strong><span style=\"color: #000000;\"><span lang=\"PT-PT\">1. Informa\u00e7\u00f5es que recolhemos<\/span>\u00a0<\/span><\/strong><\/h2><\/div><div><p><span style=\"color: #000000;\"><span lang=\"PT-PT\">Recolhemos informa\u00e7\u00f5es pessoais, incluindo nomes e dados de contacto, exclusivamente com o prop\u00f3sito de facilitar a sua aventura com a Flores by Sea.<\/span>\u00a0<\/span><\/p><p>\u00a0<\/p><\/div><div><h2 role=\"heading\"><span style=\"color: #000000;\"><strong><span lang=\"PT-PT\">2. Utiliza\u00e7\u00e3o da informa\u00e7\u00e3o<\/span><\/strong>\u00a0<\/span><\/h2><\/div><div><p><span style=\"color: #000000;\"><span lang=\"PT-PT\">As informa\u00e7\u00f5es pessoais s\u00e3o utilizadas para fins de reserva e comunica\u00e7\u00e3o.<\/span>\u00a0<\/span><\/p><\/div><div><p><span style=\"color: #000000;\"><span lang=\"PT-PT\">Entraremos em contacto consigo por e-mail e\/ou n\u00famero de telefone para lhe enviar atualiza\u00e7\u00f5es e informa\u00e7\u00f5es relevantes sobre os nossos servi\u00e7os e para solicitar feedback sobre a qualidade.<\/span>\u00a0<\/span>\u00a0<\/p><\/div><div><p><span style=\"color: #000000;\">\u00a0<\/span><\/p><\/div><div><h2><strong><span style=\"color: #000000;\"><span lang=\"PT-PT\">3. Seguran\u00e7a de dados<\/span>\u00a0<\/span><\/strong><\/h2><\/div><div><p><span style=\"color: #000000;\"><span lang=\"PT-PT\">A Flores by Sea emprega medidas de seguran\u00e7a padr\u00e3o da ind\u00fastria para proteger as suas informa\u00e7\u00f5es pessoais.<\/span>\u00a0<\/span><\/p><\/div><div><p>\u00a0<\/p><\/div><div><h2 role=\"heading\"><span style=\"color: #000000;\"><span lang=\"PT-PT\"><strong>4. Divulga\u00e7\u00e3o a terceiros<\/strong>e<\/span>\u00a0<\/span><\/h2><\/div><div><p><span style=\"color: #000000;\"><span lang=\"PT-PT\">N\u00e3o vendemos, trocamos ou transferimos as suas informa\u00e7\u00f5es pessoais a terceiros sem o seu consentimento expl\u00edcito, exceto para o prop\u00f3sito de prestar os nossos servi\u00e7os.<\/span>\u00a0<\/span><\/p><p>\u00a0<\/p><\/div><div><h2 role=\"heading\"><strong><span style=\"color: #000000;\"><span lang=\"PT-PT\">5. Cookies<\/span>\u00a0<\/span><\/strong><\/h2><\/div><div><p><span style=\"color: #000000;\"><span lang=\"PT-PT\">Utilizamos cookies para melhorar a sua experi\u00eancia no site.Estes cookies n\u00e3o cont\u00eam informa\u00e7\u00f5es de identifica\u00e7\u00e3o pessoal e podem ser desativados nas defini\u00e7\u00f5es do seu navegador.<\/span>\u00a0<\/span><\/p><p>\u00a0<\/p><\/div><\/div><div><div><h2 role=\"heading\"><strong><span style=\"color: #000000;\"><span lang=\"PT-PT\">6. Links para sites de terceiros<\/span>\u00a0<\/span><\/strong><\/h2><\/div><div><p><span style=\"color: #000000;\"><span lang=\"PT-PT\">O nosso site pode conter links para sites de terceiros. A Flores by Sea n\u00e3o \u00e9 respons\u00e1vel pelas pr\u00e1ticas de privacidade ou conte\u00fado desses sites externos.<\/span>\u00a0<\/span><\/p><p>\u00a0<\/p><\/div><div><h2 role=\"heading\"><strong><span style=\"color: #000000;\"><span lang=\"PT-PT\">7.\u00a0Conformidade\u00a0com\u00a0as\u00a0Leis<\/span>\u00a0<\/span><\/strong><\/h2><p><span lang=\"PT-PT\">Cumprimos as leis e regulamentos aplic\u00e1veis \u200b\u200bde prote\u00e7\u00e3o de dados.<\/span>\u00a0<\/p><\/div><div><p>\u00a0<\/p><\/div><div><h2 role=\"heading\"><strong><span style=\"color: #000000;\"><span lang=\"PT-PT\">8. Privacidade das crian\u00e7as<\/span>\u00a0<\/span><\/strong><\/h2><\/div><div><p><span style=\"color: #000000;\"><span lang=\"PT-PT\">A Flores by Sea n\u00e3o recolhe nem processa intencionalmente informa\u00e7\u00f5es pessoais de crian\u00e7as menores de 18 anos sem o consentimento dos pais.<\/span>\u00a0<\/span><\/p><\/div><div><p><span style=\"color: #000000;\">\u00a0<\/span><\/p><\/div><div><h2 role=\"heading\"><span style=\"color: #000000;\"><span lang=\"PT-PT\">9. Altera\u00e7\u00f5es \u00e0 Pol\u00edtica de Privacidade<\/span>\u00a0<\/span><\/h2><\/div><div><p><span style=\"color: #000000;\"><span lang=\"PT-PT\">A Flores by Sea reserva-se o direito de atualizar esta Pol\u00edtica de Privacidade.Quaisquer altera\u00e7\u00f5es ser\u00e3o refletidas em\u00a0<b>this<\/b><b>\u00a0page.<\/b><\/span><b>\u00a0<\/b><\/span><\/p><p>\u00a0<\/p><\/div><div><h2 role=\"heading\"><span style=\"color: #000000;\"><span lang=\"PT-PT\">10.\u00a0Contact\u00a0Us<\/span>\u00a0<\/span><\/h2><\/div><div><p><span style=\"color: #000000;\"><span lang=\"PT-PT\">Se tiver alguma d\u00favida ou preocupa\u00e7\u00e3o em rela\u00e7\u00e3o \u00e0 sua privacidade ou \u00e0 nossa Pol\u00edtica de Privacidade, por favor\u00a0<\/span><a href=\"https:\/\/floresbysea.pt\/en\/contact-us\/\" target=\"_blank\" rel=\"noreferrer noopener\" data-saferedirecturl=\"https:\/\/www.google.com\/url?hl=pt-BR&amp;q=https:\/\/futurismo.pt\/contacts\/&amp;source=gmail&amp;ust=1737889950149000&amp;usg=AOvVaw0oLlsGghR1b2QyuxfynzQq\"><span lang=\"PT-PT\">contact us<\/span><\/a><span lang=\"PT-PT\">.<\/span>\u00a0<\/span><\/p><\/div><\/div>\t\t\t\t\t\t\t\t<\/div>\n\t\t\t\t<\/div>\n\t\t\t\t\t<\/div>\n\t\t<\/div>\n\t\t\t\t<div class=\"elementor-column elementor-col-16 elementor-top-column elementor-element elementor-element-0ee61ba\" data-id=\"0ee61ba\" data-element_type=\"column\" data-e-type=\"column\">\n\t\t\t<div class=\"elementor-widget-wrap\">\n\t\t\t\t\t\t\t<\/div>\n\t\t<\/div>\n\t\t\t\t\t<\/div>\n\t\t<\/section>\n\t\t\t\t<\/div>","protected":false},"excerpt":{"rendered":"<p>Privacy Policy This Privacy Policy effective as of 25th January 2025 1.\u00a0Information\u00a0we\u00a0collect\u00a0 We\u00a0collect\u00a0personal\u00a0information,\u00a0including\u00a0names,\u00a0contact\u00a0details,\u00a0solely\u00a0for\u00a0the\u00a0purpose\u00a0of\u00a0facilitating\u00a0your\u00a0adventure\u00a0with\u00a0Flores\u00a0by\u00a0Sea.\u00a0 \u00a0 2. Use\u00a0of\u00a0information\u00a0 Personal\u00a0information\u00a0is\u00a0used\u00a0for\u00a0booking\u00a0and\u00a0communication\u00a0purposes.\u00a0 We\u00a0will\u00a0contact\u00a0you\u00a0via email\u00a0and\/or\u00a0phone\u00a0number\u00a0to\u00a0send\u00a0updates,\u00a0and\u00a0relevant\u00a0information\u00a0about\u00a0our\u00a0services\u00a0and\u00a0to\u00a0ask\u00a0for feedback\u00a0about\u00a0the\u00a0quality.\u00a0\u00a0 \u00a0 3. Data\u00a0Security\u00a0 Flores\u00a0by\u00a0Sea\u00a0employs\u00a0industry-standard\u00a0security\u00a0measures\u00a0to\u00a0protect\u00a0your\u00a0personal\u00a0information.\u00a0 \u00a0 4.\u00a0Third-Party\u00a0Disclosure\u00a0 We\u00a0do\u00a0not\u00a0sell,\u00a0trade,\u00a0or\u00a0otherwise\u00a0transfer\u00a0your\u00a0personal\u00a0information\u00a0to\u00a0third\u00a0parties\u00a0without\u00a0your\u00a0explicit\u00a0consent,\u00a0except\u00a0for\u00a0the\u00a0purpose\u00a0of\u00a0delivering\u00a0our\u00a0services.\u00a0 \u00a0 5. Cookies\u00a0 We\u00a0use cookies to\u00a0enhance\u00a0your\u00a0website\u00a0experience.\u00a0These\u00a0cookies do\u00a0not\u00a0contain\u00a0personally\u00a0identifiable\u00a0information\u00a0and\u00a0can\u00a0be\u00a0disabled\u00a0in\u00a0your\u00a0browser\u00a0settings.\u00a0 \u00a0 6. Links to\u00a0Third-Party\u00a0Websites\u00a0 Our\u00a0website\u00a0may\u00a0contain\u00a0links to\u00a0third-party\u00a0websites. Flores\u00a0by\u00a0Sea\u00a0is\u00a0not\u00a0responsible\u00a0for\u00a0the\u00a0privacy\u00a0practices\u00a0or\u00a0content\u00a0of\u00a0these\u00a0external\u00a0sites.\u00a0 \u00a0 7.\u00a0Compliance\u00a0with\u00a0Laws\u00a0 We\u00a0comply\u00a0with\u00a0applicable\u00a0data\u00a0protection\u00a0laws\u00a0and\u00a0regulations.\u00a0 \u00a0 8.\u00a0Children\u2019s\u00a0Privacy\u00a0 Flores\u00a0by\u00a0Sea\u00a0does\u00a0not\u00a0knowingly\u00a0collect\u00a0or\u00a0process\u00a0personal\u00a0information\u00a0from\u00a0children\u00a0under\u00a0the\u00a0age\u00a0of\u00a018\u00a0without\u00a0parental\u00a0consent.\u00a0 \u00a0 9.\u00a0Changes\u00a0to\u00a0Privacy\u00a0Policy\u00a0 Flores\u00a0by\u00a0Sea\u00a0reserves\u00a0the\u00a0right\u00a0to\u00a0update\u00a0this\u00a0Privacy\u00a0Policy.\u00a0Any\u00a0changes\u00a0will\u00a0be\u00a0reflected\u00a0on\u00a0this\u00a0page.\u00a0 \u00a0 10.\u00a0Contact\u00a0Us\u00a0 If\u00a0you\u00a0have\u00a0any\u00a0questions\u00a0or\u00a0concerns\u00a0regarding\u00a0your\u00a0privacy\u00a0or\u00a0our\u00a0Privacy\u00a0Policy,\u00a0please\u00a0contact us.\u00a0<\/p>","protected":false},"author":1,"featured_media":0,"parent":0,"menu_order":0,"comment_status":"closed","ping_status":"closed","template":"","meta":{"footnotes":""},"class_list":["post-16772","page","type-page","status-publish","hentry","entry"],"_links":{"self":[{"href":"https:\/\/floresbysea.pt\/pt\/wp-json\/wp\/v2\/pages\/16772","targetHints":{"allow":["GET"]}}],"collection":[{"href":"https:\/\/floresbysea.pt\/pt\/wp-json\/wp\/v2\/pages"}],"about":[{"href":"https:\/\/floresbysea.pt\/pt\/wp-json\/wp\/v2\/types\/page"}],"author":[{"embeddable":true,"href":"https:\/\/floresbysea.pt\/pt\/wp-json\/wp\/v2\/users\/1"}],"replies":[{"embeddable":true,"href":"https:\/\/floresbysea.pt\/pt\/wp-json\/wp\/v2\/comments?post=16772"}],"version-history":[{"count":4,"href":"https:\/\/floresbysea.pt\/pt\/wp-json\/wp\/v2\/pages\/16772\/revisions"}],"predecessor-version":[{"id":16776,"href":"https:\/\/floresbysea.pt\/pt\/wp-json\/wp\/v2\/pages\/16772\/revisions\/16776"}],"wp:attachment":[{"href":"https:\/\/floresbysea.pt\/pt\/wp-json\/wp\/v2\/media?parent=16772"}],"curies":[{"name":"wp","href":"https:\/\/api.w.org\/{rel}","templated":true}]}}